{"id":4400,"date":"2021-10-12T15:51:09","date_gmt":"2021-10-12T12:51:09","guid":{"rendered":"http:\/\/dummy.xtemos.com\/woodmart2\/elementor\/?page_id=4400"},"modified":"2025-11-24T23:28:03","modified_gmt":"2025-11-24T20:28:03","slug":"about-us-3","status":"publish","type":"page","link":"https:\/\/a-globaltech.com\/?page_id=4400","title":{"rendered":"Hakk\u0131m\u0131zda"},"content":{"rendered":"\t\t<div data-elementor-type=\"wp-page\" data-elementor-id=\"4400\" class=\"elementor elementor-4400\">\n\t\t\t\t\t\t<section class=\"wd-negative-gap elementor-section elementor-top-section elementor-element elementor-element-30f4b337 elementor-section-content-middle wd-section-stretch elementor-section-boxed elementor-section-height-default elementor-section-height-default\" data-id=\"30f4b337\" data-element_type=\"section\" data-settings=\"{&quot;background_background&quot;:&quot;classic&quot;}\">\n\t\t\t\t\t\t<div class=\"elementor-container elementor-column-gap-extended\">\n\t\t\t\t\t<div class=\"elementor-column elementor-col-33 elementor-top-column elementor-element elementor-element-709130a2\" data-id=\"709130a2\" data-element_type=\"column\">\n\t\t\t<div class=\"elementor-widget-wrap elementor-element-populated\">\n\t\t\t\t\t\t<div class=\"elementor-element elementor-element-de6816b wd-width-100 elementor-widget elementor-widget-wd_title\" data-id=\"de6816b\" data-element_type=\"widget\" data-widget_type=\"wd_title.default\">\n\t\t\t\t<div class=\"elementor-widget-container\">\n\t\t\t\t\t\t\t<div class=\"title-wrapper wd-set-mb reset-last-child wd-title-color-primary wd-title-style-default wd-title-size-large text-left\">\n\n\t\t\t\t\t\t\t\t\t\t\t<div class=\"title-subtitle subtitle-color-primary subtitle-style-default wd-fontsize-xs\">\n\t\t\t\t\tAGLOBAL TEKNOLOJ\u0130\t\t\t\t<\/div>\n\t\t\t\n\t\t\t<div class=\"liner-continer\">\n\t\t\t\t<h4 class=\"woodmart-title-container title wd-fontsize-xxl\">\u0130yi koordine edilmi\u015f ekip \u00e7al\u0131\u015fmas\u0131, bir projenin temel gereksinimidir.<\/h4> \n\t\t\t\t\t\t\t<\/div>\n\n\t\t\t\t\t<\/div>\n\t\t\t\t\t\t<\/div>\n\t\t\t\t<\/div>\n\t\t\t\t\t<\/div>\n\t\t<\/div>\n\t\t\t\t<div class=\"elementor-column elementor-col-33 elementor-top-column elementor-element elementor-element-52737e3b\" data-id=\"52737e3b\" data-element_type=\"column\">\n\t\t\t<div class=\"elementor-widget-wrap elementor-element-populated\">\n\t\t\t\t\t\t<div class=\"elementor-element elementor-element-1cde49f0 elementor-widget elementor-widget-wd_infobox\" data-id=\"1cde49f0\" data-element_type=\"widget\" data-widget_type=\"wd_infobox.default\">\n\t\t\t\t<div class=\"elementor-widget-container\">\n\t\t\t\t\t\t\t<div class=\"info-box-wrapper\">\n\t\t\t<div class=\"wd-info-box text-left box-icon-align-top box-style-base color-scheme- with-btn box-btn-static\">\n\t\t\t\t\n\t\t\t\t<div class=\"info-box-content\">\n\t\t\t\t\t\n\t\t\t\t\t\t\t\t\t\t\t<h4\t\t\t\t\t\tclass=\"info-box-title title box-title-style-default wd-fontsize-m\" data-elementor-setting-key=\"title\">\n\t\t\t\t\t\t\t\tYapt\u0131\u011f\u0131m\u0131z i\u015fi seviyoruz\t\t\t\t\t\t<\/h4>\n\t\t\t\t\t\n\t\t\t\t\t<div class=\"info-box-inner reset-last-child\"data-elementor-setting-key=\"content\"><p>Bir i\u015fletmenin ba\u015far\u0131s\u0131n\u0131n ard\u0131nda pek \u00e7ok fakt\u00f6r bulunur; ancak, belki de en g\u00fc\u00e7l\u00fc ve belirleyici olan\u0131, i\u015fi yaparken duyulan tutku ve sevgidir. Bili\u015fim sekt\u00f6r\u00fcnde faaliyet g\u00f6steren bir \u015firket olarak, i\u015fimizi sevmek ve bu tutkuyu her y\u00f6n\u00fcm\u00fczle yans\u0131tmak, ba\u015far\u0131m\u0131z\u0131n anahtar\u0131d\u0131r.<\/p>\n<\/div>\n\n\t\t\t\t\t\t\t\t\t\t\t<div class=\"info-btn-wrapper\">\n\t\t\t\t\t\t\t\t\t<div class=\"wd-button-wrapper text-left\" >\n\t\t\t<a class=\"btn btn-style-link btn-shape- btn-size-small btn-color-primary btn-icon-pos-right\"  href=\"#\">\n\t\t\t\t<span class=\"wd-btn-text\" data-elementor-setting-key=\"text\">\n\t\t\t\t\tOku...\t\t\t\t<\/span>\n\n\t\t\t\t\t\t\t<\/a>\n\t\t<\/div>\n\t\t\t\t\t\t\t\t<\/div>\n\t\t\t\t\t\t\t\t\t<\/div>\n\n\t\t\t\t\t\t\t<\/div>\n\t\t<\/div>\n\t\t\t\t\t\t<\/div>\n\t\t\t\t<\/div>\n\t\t\t\t\t<\/div>\n\t\t<\/div>\n\t\t\t\t<div class=\"elementor-column elementor-col-33 elementor-top-column elementor-element elementor-element-1c137d17\" data-id=\"1c137d17\" data-element_type=\"column\">\n\t\t\t<div class=\"elementor-widget-wrap elementor-element-populated\">\n\t\t\t\t\t\t<div class=\"elementor-element elementor-element-1be79bd5 elementor-widget elementor-widget-wd_infobox\" data-id=\"1be79bd5\" data-element_type=\"widget\" data-widget_type=\"wd_infobox.default\">\n\t\t\t\t<div class=\"elementor-widget-container\">\n\t\t\t\t\t\t\t<div class=\"info-box-wrapper\">\n\t\t\t<div class=\"wd-info-box text-left box-icon-align-top box-style-base color-scheme- with-btn box-btn-static\">\n\t\t\t\t\n\t\t\t\t<div class=\"info-box-content\">\n\t\t\t\t\t\n\t\t\t\t\t\t\t\t\t\t\t<h4\t\t\t\t\t\tclass=\"info-box-title title box-title-style-default wd-fontsize-m\" data-elementor-setting-key=\"title\">\n\t\t\t\t\t\t\t\t\u00c7al\u0131\u015fma S\u00fcrecimiz\t\t\t\t\t\t<\/h4>\n\t\t\t\t\t\n\t\t\t\t\t<div class=\"info-box-inner reset-last-child\"data-elementor-setting-key=\"content\"><p>Bili\u015fim sekt\u00f6r\u00fcnde \u00fcr\u00fcn ve hizmet sa\u011flay\u0131c\u0131s\u0131 olarak, m\u00fc\u015fterilerimize en iyi hizmeti sunmak i\u00e7in belirli bir \u00e7al\u0131\u015fma s\u00fcrecini takip ediyoruz. Bu s\u00fcre\u00e7, m\u00fc\u015fteri taleplerini anlamaktan projelendirmeye ve son olarak teklif a\u015famas\u0131na kadar bir dizi ad\u0131m\u0131 i\u00e7erir. \u0130\u015fte \u00e7al\u0131\u015fma s\u00fcrecimizin temel ad\u0131mlar\u0131:<\/p>\n<\/div>\n\n\t\t\t\t\t\t\t\t\t\t\t<div class=\"info-btn-wrapper\">\n\t\t\t\t\t\t\t\t\t<div class=\"wd-button-wrapper text-left\" >\n\t\t\t<a class=\"btn btn-style-link btn-shape- btn-size-small btn-color-primary btn-icon-pos-right\"  href=\"#\">\n\t\t\t\t<span class=\"wd-btn-text\" data-elementor-setting-key=\"text\">\n\t\t\t\t\tOku...\t\t\t\t<\/span>\n\n\t\t\t\t\t\t\t<\/a>\n\t\t<\/div>\n\t\t\t\t\t\t\t\t<\/div>\n\t\t\t\t\t\t\t\t\t<\/div>\n\n\t\t\t\t\t\t\t<\/div>\n\t\t<\/div>\n\t\t\t\t\t\t<\/div>\n\t\t\t\t<\/div>\n\t\t\t\t\t<\/div>\n\t\t<\/div>\n\t\t\t\t\t<\/div>\n\t\t<\/section>\n\t\t\t\t<section class=\"wd-negative-gap elementor-section elementor-top-section elementor-element elementor-element-3c548bca elementor-reverse-tablet elementor-reverse-mobile elementor-section-boxed elementor-section-height-default elementor-section-height-default\" data-id=\"3c548bca\" data-element_type=\"section\">\n\t\t\t\t\t\t<div class=\"elementor-container elementor-column-gap-default\">\n\t\t\t\t\t<div class=\"elementor-column elementor-col-50 elementor-top-column elementor-element elementor-element-1d354ed7\" data-id=\"1d354ed7\" data-element_type=\"column\">\n\t\t\t<div class=\"elementor-widget-wrap elementor-element-populated\">\n\t\t\t\t\t\t<div class=\"elementor-element elementor-element-3b8f1c6 elementor-widget elementor-widget-wd_image_or_svg\" data-id=\"3b8f1c6\" data-element_type=\"widget\" data-widget_type=\"wd_image_or_svg.default\">\n\t\t\t\t<div class=\"elementor-widget-container\">\n\t\t\t\t\t\n\t\t<div class=\"wd-image text-left\">\n\t\t\t\t\t\t\t\t<img loading=\"lazy\" decoding=\"async\" width=\"630\" height=\"350\" src=\"https:\/\/a-globaltech.com\/wp-content\/uploads\/2024\/03\/about-us-2.jpg\" class=\"attachment-full size-full\" alt=\"\" srcset=\"https:\/\/a-globaltech.com\/wp-content\/uploads\/2024\/03\/about-us-2.jpg 630w, https:\/\/a-globaltech.com\/wp-content\/uploads\/2024\/03\/about-us-2-400x222.jpg 400w, https:\/\/a-globaltech.com\/wp-content\/uploads\/2024\/03\/about-us-2-430x239.jpg 430w, https:\/\/a-globaltech.com\/wp-content\/uploads\/2024\/03\/about-us-2-150x83.jpg 150w\" sizes=\"auto, (max-width: 630px) 100vw, 630px\" \/>\t\t\t\t\t<\/div>\n\n\t\t\t\t\t\t<\/div>\n\t\t\t\t<\/div>\n\t\t\t\t\t<\/div>\n\t\t<\/div>\n\t\t\t\t<div class=\"elementor-column elementor-col-50 elementor-top-column elementor-element elementor-element-7a9daa7\" data-id=\"7a9daa7\" data-element_type=\"column\">\n\t\t\t<div class=\"elementor-widget-wrap elementor-element-populated\">\n\t\t\t\t\t\t<div class=\"elementor-element elementor-element-18566191 wd-width-100 elementor-widget elementor-widget-wd_title\" data-id=\"18566191\" data-element_type=\"widget\" data-widget_type=\"wd_title.default\">\n\t\t\t\t<div class=\"elementor-widget-container\">\n\t\t\t\t\t\t\t<div class=\"title-wrapper wd-set-mb reset-last-child wd-title-color-primary wd-title-style-default wd-title-size-large text-left\">\n\n\t\t\t\t\t\t\t\t\t\t\t<div class=\"title-subtitle subtitle-color-primary subtitle-style-default wd-fontsize-xs\">\n\t\t\t\t\tA-GLOBAL TEKNOLOJ\u0130 ve DI\u015e T\u0130C. LTD. \u015eT\u0130.\t\t\t\t<\/div>\n\t\t\t\n\t\t\t<div class=\"liner-continer\">\n\t\t\t\t<h4 class=\"woodmart-title-container title wd-fontsize-xxl\">\u015eirket Tarihimiz<\/h4> \n\t\t\t\t\t\t\t<\/div>\n\n\t\t\t\t\t\t\t<div class=\"title-after_title reset-last-child wd-fontsize-s\">\n\t\t\t\t\t<em>\"Onlar daha d\u00fc\u015f\u00fcn\u00fcrken biz \u00e7\u00f6z\u00fcm \u00fcretiriz.\"<\/em>\t\t\t\t<\/div>\n\t\t\t\t\t<\/div>\n\t\t\t\t\t\t<\/div>\n\t\t\t\t<\/div>\n\t\t\t\t<div class=\"elementor-element elementor-element-cf34ae6 elementor-widget elementor-widget-wd_text_block\" data-id=\"cf34ae6\" data-element_type=\"widget\" data-widget_type=\"wd_text_block.default\">\n\t\t\t\t<div class=\"elementor-widget-container\">\n\t\t\t\t\t\t\t<div class=\"wd-text-block reset-last-child text-left\">\n\t\t\t\n\t\t\tA-Global Teknoloji ve D\u0131\u015f Ticaret Limited \u015eirketi 2013 y\u0131l\u0131nda kurulmu\u015f olup, kuruldu\u011fu g\u00fcnden g\u00fcn\u00fcm\u00fcze, gerek yurt i\u00e7i ve gerekse yurt d\u0131\u015f\u0131nda \u00f6nemli projelere imza atm\u0131\u015ft\u0131r. Bili\u015fim Sistemleri alan\u0131nda  m\u00fc\u015fterilerimize \u00e7\u00f6z\u00fcm ve hizmetler sunan bir sistem ve servis sa\u011flay\u0131c\u0131s\u0131 olarak \u00e7al\u0131\u015fmaktay\u0131z\n\t\t\t\t\t<\/div>\n\t\t\t\t\t\t<\/div>\n\t\t\t\t<\/div>\n\t\t\t\t<div class=\"elementor-element elementor-element-53c486f elementor-widget elementor-widget-wd_text_block\" data-id=\"53c486f\" data-element_type=\"widget\" data-widget_type=\"wd_text_block.default\">\n\t\t\t\t<div class=\"elementor-widget-container\">\n\t\t\t\t\t\t\t<div class=\"wd-text-block reset-last-child text-left\">\n\t\t\t\n\t\t\t<p>T\u00fcmle\u015fik \u00e7\u00f6z\u00fcmleri ile m\u00fc\u015fteri memnuniyetini \u00fcst seviyeye \u00e7\u0131kararak sat\u0131\u015f \u00f6ncesi ve sonras\u0131 dan\u0131\u015fmanl\u0131k hizmetleriyle maliyetleri en d\u00fc\u015f\u00fck seviyeye indirmek i\u00e7in hizmet veriyoruz.<\/p>\n<p>Geli\u015fen Teknoloji ihtiya\u00e7lar\u0131nda yenilik\u00e7i felsefesiyle kurulan A-Global Teknoloji; Bili\u015fim Teknolojileri alan\u0131nda altyap\u0131, donan\u0131m entegrasyonu hizmetleri konusunda proje ve dan\u0131\u015fmanl\u0131k hizmeti sunmaktad\u0131r.<\/p>\n<p>Amac\u0131m\u0131z, \u00fcr\u00fcn sat\u0131\u015f\u0131 de\u011fil \u00e7\u00f6z\u00fcm sat\u0131\u015f\u0131d\u0131r. Bu y\u00fczden belirli bir markan\u0131n sat\u0131\u015f\u0131 de\u011fil, size en uygun \u00e7\u00f6z\u00fcm\u00fc \u00f6neriyoruz. Yenilik\u00e7i ve ak\u0131lc\u0131 \u00e7\u00f6z\u00fcmleri m\u00fc\u015fterilerimizin BT sistemleri \u00fczerindeki di\u011fer uygulamalarla birle\u015ftirip, y\u00f6netilebilir kolay ve uygun \u00e7\u00f6z\u00fcmler haline getirmek temel felsefemizdir.<\/p>\n\n\t\t\t\t\t<\/div>\n\t\t\t\t\t\t<\/div>\n\t\t\t\t<\/div>\n\t\t\t\t\t<\/div>\n\t\t<\/div>\n\t\t\t\t\t<\/div>\n\t\t<\/section>\n\t\t\t\t<section class=\"wd-negative-gap elementor-section elementor-top-section elementor-element elementor-element-1a6f30f8 elementor-section-boxed elementor-section-height-default elementor-section-height-default\" data-id=\"1a6f30f8\" data-element_type=\"section\">\n\t\t\t\t\t\t<div class=\"elementor-container elementor-column-gap-extended\">\n\t\t\t\t\t<div class=\"elementor-column elementor-col-50 elementor-top-column elementor-element elementor-element-5a19e6bd\" data-id=\"5a19e6bd\" data-element_type=\"column\">\n\t\t\t<div class=\"elementor-widget-wrap elementor-element-populated\">\n\t\t\t\t\t\t<div class=\"elementor-element elementor-element-322a40a elementor-widget elementor-widget-image\" data-id=\"322a40a\" data-element_type=\"widget\" data-widget_type=\"image.default\">\n\t\t\t\t<div class=\"elementor-widget-container\">\n\t\t\t\t\t\t\t\t\t\t\t\t\t\t\t<img decoding=\"async\" src=\"https:\/\/a-globaltech.com\/wp-content\/uploads\/elementor\/thumbs\/about-us-1-rf6z28vzcylz2tfwso5ifoc2346q6a2wwax03ph4q4.jpg\" title=\"about-us-1\" alt=\"about-us-1\" loading=\"lazy\" \/>\t\t\t\t\t\t\t\t\t\t\t\t\t\t\t<\/div>\n\t\t\t\t<\/div>\n\t\t\t\t<div class=\"elementor-element elementor-element-b1f2662 elementor-widget elementor-widget-wd_text_block\" data-id=\"b1f2662\" data-element_type=\"widget\" data-widget_type=\"wd_text_block.default\">\n\t\t\t\t<div class=\"elementor-widget-container\">\n\t\t\t\t\t\t\t<div class=\"wd-text-block reset-last-child text-left\">\n\t\t\t\n\t\t\t<em>Yeteneklerimizi ve enerjimizi gelece\u011fe uyarlamak i\u00e7in kullanarak, m\u00fc\u015fterilerimize de\u011fer katan, yenilik\u00e7i \u00e7\u00f6z\u00fcmler sunan ve kurulu\u015flar\u0131n operasyonel s\u00fcre\u00e7lerini kesintisiz sa\u011flamak i\u00e7in i\u015f stratejilerinin sorunsuz uygulanmas\u0131n\u0131 sa\u011fl\u0131yoruz.<\/em>\n\t\t\t\t\t<\/div>\n\t\t\t\t\t\t<\/div>\n\t\t\t\t<\/div>\n\t\t\t\t\t<\/div>\n\t\t<\/div>\n\t\t\t\t<div class=\"elementor-column elementor-col-50 elementor-top-column elementor-element elementor-element-34177f2a\" data-id=\"34177f2a\" data-element_type=\"column\">\n\t\t\t<div class=\"elementor-widget-wrap elementor-element-populated\">\n\t\t\t\t\t\t<div class=\"elementor-element elementor-element-32e86781 wd-width-100 elementor-widget elementor-widget-wd_title\" data-id=\"32e86781\" data-element_type=\"widget\" data-widget_type=\"wd_title.default\">\n\t\t\t\t<div class=\"elementor-widget-container\">\n\t\t\t\t\t\t\t<div class=\"title-wrapper wd-set-mb reset-last-child wd-title-color-default wd-title-style-default wd-title-size-default text-left\">\n\n\t\t\t\n\t\t\t<div class=\"liner-continer\">\n\t\t\t\t<h4 class=\"woodmart-title-container title wd-fontsize-l\">Misyon &amp; Vizyon<\/h4> \n\t\t\t\t\t\t\t<\/div>\n\n\t\t\t\t\t<\/div>\n\t\t\t\t\t\t<\/div>\n\t\t\t\t<\/div>\n\t\t\t\t<div class=\"elementor-element elementor-element-d06be5b elementor-widget elementor-widget-wd_text_block\" data-id=\"d06be5b\" data-element_type=\"widget\" data-widget_type=\"wd_text_block.default\">\n\t\t\t\t<div class=\"elementor-widget-container\">\n\t\t\t\t\t\t\t<div class=\"wd-text-block reset-last-child text-left\">\n\t\t\t\n\t\t\t<p><em>Misyonumuz; Bili\u015fim Teknolojileri \u00c7\u00f6z\u00fcmleri olup toplam kalite standartlar\u0131 do\u011frultusunda sat\u0131\u015f\u0131n\u0131 yapt\u0131\u011f\u0131m\u0131z t\u00fcm \u00fcr\u00fcnlerimizle kendimizi s\u00fcrekli geli\u015ftirerek, kalite standartlar\u0131n\u0131 y\u00fckseltmektir. M\u00fc\u015fteri odakl\u0131 \u00e7al\u0131\u015fmak, en iyi \u00fcr\u00fcn\u00fc en iyi fiyata ve y\u00fcksek teknolojiyle m\u00fc\u015fterilere sunmay\u0131 s\u00fcrd\u00fcrmek, bu alanda en kaliteli \u00e7\u00f6z\u00fcmler sunan makul ve g\u00fcvenilir bir firma olma kararl\u0131l\u0131\u011f\u0131n\u0131 devam ettirmektir.<\/em><\/p>\n\t\t\t\t\t<\/div>\n\t\t\t\t\t\t<\/div>\n\t\t\t\t<\/div>\n\t\t\t\t<div class=\"elementor-element elementor-element-fb6932e elementor-widget elementor-widget-wd_text_block\" data-id=\"fb6932e\" data-element_type=\"widget\" data-widget_type=\"wd_text_block.default\">\n\t\t\t\t<div class=\"elementor-widget-container\">\n\t\t\t\t\t\t\t<div class=\"wd-text-block reset-last-child text-left\">\n\t\t\t\n\t\t\t<p><em>Vizyonumuz; \u015eirketimiz, \u00e7ok h\u0131zl\u0131 geli\u015fen Bili\u015fim Teknolojileri alan\u0131nda, yenili\u011fi h\u0131zla geli\u015ftirme ve sunma becerisinin temel bir rekabet gereksinimi oldu\u011funu a\u00e7\u0131k\u00e7a kabul etmektedir. M\u00fc\u015fterilerine en son teknolojilerin uygulanmas\u0131 i\u00e7in s\u00fcrekli kendini yenileyerek hizmet sunmakt\u0131r.<\/em><\/p>\n\t\t\t\t\t<\/div>\n\t\t\t\t\t\t<\/div>\n\t\t\t\t<\/div>\n\t\t\t\t\t<\/div>\n\t\t<\/div>\n\t\t\t\t\t<\/div>\n\t\t<\/section>\n\t\t\t\t<section class=\"wd-negative-gap elementor-section elementor-top-section elementor-element elementor-element-3b57306 elementor-section-boxed elementor-section-height-default elementor-section-height-default\" data-id=\"3b57306\" data-element_type=\"section\">\n\t\t\t\t\t\t<div class=\"elementor-container elementor-column-gap-default\">\n\t\t\t\t\t<div class=\"elementor-column elementor-col-100 elementor-top-column elementor-element elementor-element-2ceefcc\" data-id=\"2ceefcc\" data-element_type=\"column\">\n\t\t\t<div class=\"elementor-widget-wrap\">\n\t\t\t\t\t\t\t<\/div>\n\t\t<\/div>\n\t\t\t\t\t<\/div>\n\t\t<\/section>\n\t\t\t\t<\/div>\n\t\t","protected":false},"excerpt":{"rendered":"<p>AGLOBAL TEKNOLOJ\u0130 \u0130yi koordine edilmi\u015f ekip \u00e7al\u0131\u015fmas\u0131, bir projenin temel gereksinimidir. Yapt\u0131\u011f\u0131m\u0131z i\u015fi seviyoruz Bir i\u015fletmenin ba\u015far\u0131s\u0131n\u0131n ard\u0131nda pek \u00e7ok<\/p>\n","protected":false},"author":1,"featured_media":0,"parent":0,"menu_order":0,"comment_status":"closed","ping_status":"closed","template":"","meta":{"om_disable_all_campaigns":false,"_monsterinsights_skip_tracking":false,"_monsterinsights_sitenote_active":false,"_monsterinsights_sitenote_note":"","_monsterinsights_sitenote_category":0,"footnotes":""},"class_list":["post-4400","page","type-page","status-publish","hentry"],"aioseo_notices":[],"_links":{"self":[{"href":"https:\/\/a-globaltech.com\/index.php?rest_route=\/wp\/v2\/pages\/4400","targetHints":{"allow":["GET"]}}],"collection":[{"href":"https:\/\/a-globaltech.com\/index.php?rest_route=\/wp\/v2\/pages"}],"about":[{"href":"https:\/\/a-globaltech.com\/index.php?rest_route=\/wp\/v2\/types\/page"}],"author":[{"embeddable":true,"href":"https:\/\/a-globaltech.com\/index.php?rest_route=\/wp\/v2\/users\/1"}],"replies":[{"embeddable":true,"href":"https:\/\/a-globaltech.com\/index.php?rest_route=%2Fwp%2Fv2%2Fcomments&post=4400"}],"version-history":[{"count":3,"href":"https:\/\/a-globaltech.com\/index.php?rest_route=\/wp\/v2\/pages\/4400\/revisions"}],"predecessor-version":[{"id":16480,"href":"https:\/\/a-globaltech.com\/index.php?rest_route=\/wp\/v2\/pages\/4400\/revisions\/16480"}],"wp:attachment":[{"href":"https:\/\/a-globaltech.com\/index.php?rest_route=%2Fwp%2Fv2%2Fmedia&parent=4400"}],"curies":[{"name":"wp","href":"https:\/\/api.w.org\/{rel}","templated":true}]}}